{"id":531,"date":"2021-08-04T10:45:49","date_gmt":"2021-08-04T10:45:49","guid":{"rendered":"https:\/\/amnesiedautore.uniurb.it\/?page_id=531"},"modified":"2021-09-18T14:51:18","modified_gmt":"2021-09-18T14:51:18","slug":"registrazione-restrizioni-covid-19","status":"publish","type":"page","link":"https:\/\/amnesiedautore.uniurb.it\/?page_id=531","title":{"rendered":"Registrazione &#8211; Restrizioni Covid-19"},"content":{"rendered":"\n<p>L&#8217;accesso al convegno e relativi eventi \u00e8 libero e gratuito. <\/p>\n\n\n\n<p>Tuttavia data l&#8217;attuale situazione pandemica e le vigenti restrizioni imposte dal Covid-19 il numero di posti disponibile \u00e8 limitato.<\/p>\n\n\n\n<p>Per accedere al convegno \u00e8 obbligatorio registrarsi entro e non oltre <strong>il 21 settembre 2021<\/strong> compilando il modulo che trovate al seguente link:<\/p>\n\n\n\n<p><a href=\"https:\/\/docs.google.com\/forms\/d\/16f90xgseyvNiMwBNFjyjZAXpGYk7EXjOvQ92zval5iE\/edit\" data-type=\"URL\" data-id=\"https:\/\/docs.google.com\/forms\/d\/16f90xgseyvNiMwBNFjyjZAXpGYk7EXjOvQ92zval5iE\/edit\" target=\"_blank\" rel=\"noreferrer noopener\">Modulo di Registrazione<\/a><\/p>\n\n\n\n<p>L&#8217;accesso sar\u00e0 garantito a tutti coloro che possiedono la Certificazione verde Covid-19 compatibilmente con le disposizione sanitarie. <\/p>\n\n\n\n<p>Maggiori informazioni sono reperibili qui: <a rel=\"noreferrer noopener\" href=\"https:\/\/www.uniurb.it\/ateneo\/utilita\/coronavirus\" data-type=\"URL\" data-id=\"https:\/\/www.uniurb.it\/ateneo\/utilita\/coronavirus\" target=\"_blank\">link<\/a><\/p>\n\n\n\n<p>Nel caso in cui non si possieda la Certificazione verde Covid-19, riportiamo sotto i contatti delle farmacie del centro presso le quali \u00e8 possibile sottoporsi a un tampone previa prenotazione:<\/p>\n\n\n\n<p><strong>Farmacia Ricciarelli di Casoli Vincenzo<\/strong><br>Via Mazzini, 2, 61029 Urbino (PU)<br>Tel. 0722\/2808<\/p>\n\n\n\n<p><strong>Farmacia Centrale sas del Dott. Annibale Libonati<\/strong><br>Piazza della Repubblica, 9, 61029 Urbino (PU)<br>Tel. 0722\/329829<br>E-mail: farmaciacentraleurbino@gmail.com<\/p>\n\n\n\n<p><\/p>\n\n\n\n<hr class=\"wp-block-separator\"\/>\n\n\n\n<p class=\"has-large-font-size\">Conference Registration &#8211; Covid-19 Restrictions <\/p>\n\n\n\n<p>Access to all panels and related events is free.&nbsp;<\/p>\n\n\n\n<p>However, due to the current health restrictions related to Covid-19, the number of seats are limited.&nbsp;&nbsp; &nbsp;<\/p>\n\n\n\n<p>In order to access the Conference, prior online registration is required no later than September 16, 2021. You can find the registration form at the following link:<\/p>\n\n\n\n<p><a href=\"https:\/\/docs.google.com\/forms\/d\/16f90xgseyvNiMwBNFjyjZAXpGYk7EXjOvQ92zval5iE\/edit\" data-type=\"URL\" data-id=\"https:\/\/docs.google.com\/forms\/d\/16f90xgseyvNiMwBNFjyjZAXpGYk7EXjOvQ92zval5iE\/edit\" target=\"_blank\" rel=\"noreferrer noopener\">Modulo di Registrazione<\/a><\/p>\n\n\n\n<p>Access will be granted to all digital (or paper copy) Covid-19 certificate holders, in compliance with current health provisions.<\/p>\n\n\n\n<p>Further information available at: <meta charset=\"utf-8\"><a rel=\"noreferrer noopener\" href=\"https:\/\/www.uniurb.it\/ateneo\/utilita\/coronavirus\" data-type=\"URL\" data-id=\"https:\/\/www.uniurb.it\/ateneo\/utilita\/coronavirus\" target=\"_blank\">link<\/a><\/p>\n\n\n\n<p>Please, be advised that you will be asked to show a negative antigen test result, if you don&#8217;t hold a vaccination card (&#8216;Green pass&#8217;). Below the contact information to the pharmacies in the Urbino downtown area, where you can get tested, upon reservation:<\/p>\n\n\n\n<p><strong>Farmacia Ricciarelli di Casoli Vincenzo<\/strong><br>Via Mazzini, 2, 61029 Urbino (PU)<br>Tel. 0722\/2808<\/p>\n\n\n\n<p><strong>Farmacia Centrale sas del Dott. Annibale Libonati<\/strong><br>Piazza della Repubblica, 9, 61029 Urbino (PU)<br>Tel. 0722\/329829<br>E-mail: farmaciacentraleurbino@gmail.com<\/p>\n\n\n\n<hr class=\"wp-block-separator\"\/>\n\n\n\n<p class=\"has-large-font-size\"><strong>Inscription \u2013 Restrictions Covid-19<\/strong><\/p>\n\n\n\n<p>L\u2019acc\u00e8s au colloque et aux \u00e9v\u00e9nements connexes est libre et gratuit.<\/p>\n\n\n\n<p>N\u00e9anmoins, eu \u00e9gard \u00e0 l\u2019actuelle situation pand\u00e9mique et aux restrictions en vigueur relatives \u00e0 la Covid-19, le nombre des places disponibles est limit\u00e9.<\/p>\n\n\n\n<p>Pour acc\u00e9der au colloque, il est obligatoire de s\u2019inscrire au plus tard le 16 septembre 2021 en remplissant le formulaire que vous trouverez au lien suivant&nbsp;:<\/p>\n\n\n\n<p><a href=\"https:\/\/docs.google.com\/forms\/d\/16f90xgseyvNiMwBNFjyjZAXpGYk7EXjOvQ92zval5iE\/edit\" target=\"_blank\" rel=\"noreferrer noopener\">Modulo di Registrazione<\/a><\/p>\n\n\n\n<p>L\u2019acc\u00e8s sera garanti dans le respect des dispositions sanitaires.<\/p>\n\n\n\n<p>Au cas o\u00f9 vous n&#8217;auriez pas de pass sanitaire pour la Covid-19, nous vous signalons, ci-apr\u00e8s, les coordon\u00e9es de pharmacie du centre ville o\u00f9 vous pourrez vous faire tester sur r\u00e9servation:<\/p>\n\n\n\n<p><strong>Farmacia Ricciarelli di Casoli Vincenzo<\/strong><br>Via Mazzini, 2, 61029 Urbino (PU)<br>Tel. 0722\/2808<\/p>\n\n\n\n<p><strong>Farmacia Centrale sas del Dott. Annibale Libonati<\/strong><br>Piazza della Repubblica, 9, 61029 Urbino (PU)<br>Tel. 0722\/329829<br>E-mail: farmaciacentraleurbino@gmail.com<\/p>\n","protected":false},"excerpt":{"rendered":"<p>L&#8217;accesso al convegno e relativi eventi \u00e8 libero e gratuito. Tuttavia data l&#8217;attuale situazione pandemica e le vigenti restrizioni imposte dal Covid-19 il numero di posti disponibile \u00e8 limitato. Per accedere al convegno \u00e8 obbligatorio registrarsi entro e non oltre <span class=\"readmore\"><a href=\"https:\/\/amnesiedautore.uniurb.it\/?page_id=531\">Continue Reading<\/a><\/span><\/p>\n","protected":false},"author":1,"featured_media":0,"parent":0,"menu_order":0,"comment_status":"closed","ping_status":"closed","template":"","meta":{"footnotes":""},"_links":{"self":[{"href":"https:\/\/amnesiedautore.uniurb.it\/index.php?rest_route=\/wp\/v2\/pages\/531"}],"collection":[{"href":"https:\/\/amnesiedautore.uniurb.it\/index.php?rest_route=\/wp\/v2\/pages"}],"about":[{"href":"https:\/\/amnesiedautore.uniurb.it\/index.php?rest_route=\/wp\/v2\/types\/page"}],"author":[{"embeddable":true,"href":"https:\/\/amnesiedautore.uniurb.it\/index.php?rest_route=\/wp\/v2\/users\/1"}],"replies":[{"embeddable":true,"href":"https:\/\/amnesiedautore.uniurb.it\/index.php?rest_route=%2Fwp%2Fv2%2Fcomments&post=531"}],"version-history":[{"count":15,"href":"https:\/\/amnesiedautore.uniurb.it\/index.php?rest_route=\/wp\/v2\/pages\/531\/revisions"}],"predecessor-version":[{"id":708,"href":"https:\/\/amnesiedautore.uniurb.it\/index.php?rest_route=\/wp\/v2\/pages\/531\/revisions\/708"}],"wp:attachment":[{"href":"https:\/\/amnesiedautore.uniurb.it\/index.php?rest_route=%2Fwp%2Fv2%2Fmedia&parent=531"}],"curies":[{"name":"wp","href":"https:\/\/api.w.org\/{rel}","templated":true}]}}