{"id":349,"date":"2021-06-15T10:10:58","date_gmt":"2021-06-15T10:10:58","guid":{"rendered":"https:\/\/amnesiedautore.uniurb.it\/?page_id=349"},"modified":"2021-09-18T15:05:28","modified_gmt":"2021-09-18T15:05:28","slug":"programma","status":"publish","type":"page","link":"https:\/\/amnesiedautore.uniurb.it\/?page_id=349","title":{"rendered":"Programma"},"content":{"rendered":"\n<p class=\"has-text-align-center\" style=\"font-size:20px\"><strong>Convegno Internazionale: 1920-2020: un secolo di parole e immagini per raccontare l&#8217;amnesia <br>23-25 settembre 2021<\/strong><br>Universit\u00e0 degli Studi di Urbino Carlo Bo<\/p>\n\n\n\n<p><strong>Locandina: <\/strong><a href=\"https:\/\/amnesiedautore.uniurb.it\/wp-content\/uploads\/2021\/09\/Manifesto-DEF.jpg\" data-type=\"URL\" data-id=\"https:\/\/amnesiedautore.uniurb.it\/wp-content\/uploads\/2021\/09\/Manifesto-DEF.jpg\" target=\"_blank\" rel=\"noreferrer noopener\">download<\/a><\/p>\n\n\n\n<p><strong>Programma<\/strong>: <a rel=\"noreferrer noopener\" href=\"https:\/\/amnesiedautore.uniurb.it\/wp-content\/uploads\/2021\/09\/Programma-definitivo-1.pdf\" data-type=\"URL\" data-id=\"https:\/\/amnesiedautore.uniurb.it\/wp-content\/uploads\/2021\/09\/Programma-definitivo-1.pdf\" target=\"_blank\">download<\/a><\/p>\n\n\n\n<p><strong>Abstract<\/strong>: <a href=\"https:\/\/amnesiedautore.uniurb.it\/wp-content\/uploads\/2021\/09\/Abstract-Book.pdf\" data-type=\"URL\" target=\"_blank\" rel=\"noreferrer noopener\">download<\/a><\/p>\n\n\n\n<pre class=\"wp-block-preformatted has-white-background-color has-background has-normal-font-size\"><strong>Gioved\u00ec 23 settembre 2021<\/strong><\/pre>\n\n\n\n<p><strong>Mattino<\/strong><\/p>\n\n\n\n<p>Aula Magna, ISIA, via Santa Chiara, 36<\/p>\n\n\n\n<figure class=\"wp-block-table\"><table><tbody><tr><td>9:00 \u2013 9:30<\/td><td>Saluti istituzionali<br><br>Roberto Mario Danese<br>Introduzione ai lavori<br><br>Presentazione della mostra <em><a href=\"https:\/\/amnesiedautore.uniurb.it\/wp-content\/uploads\/2021\/09\/Amnesia_Poster.jpg\" data-type=\"URL\" data-id=\"https:\/\/amnesiedautore.uniurb.it\/wp-content\/uploads\/2021\/09\/Amnesia_Poster.jpg\" target=\"_blank\" rel=\"noreferrer noopener\">Un tuffo dove l\u2019acqua \u00e8 pi\u00f9 blu<\/a><\/em>. Le mille facce dell\u2019amnesia interpretate dagli studenti del corso di Illustrazione per l\u2019editoria dell\u2019ISIA di Urbino, A.A. 2019\/20 e 2020\/21, sotto la supervisione del Prof. Giuseppe Palumbo.<\/td><\/tr><\/tbody><\/table><\/figure>\n\n\n\n<p class=\"has-text-align-center\"><strong>Amnesie post-traumatiche<\/strong><strong><\/strong><\/p>\n\n\n\n<p>Introduce Roberto Mario Danese<\/p>\n\n\n\n<figure class=\"wp-block-table\"><table><tbody><tr><td>9.30-10.45<\/td><td>Lezione magistrale: Michele Cometa (Universit\u00e0 degli Studi di Palermo) <em>Amnesia, dimenticanza, oblio: tre forme di memoria letteraria<\/em><\/td><\/tr><\/tbody><\/table><\/figure>\n\n\n\n<p class=\"has-text-align-center\"><em>&#8211; Coffee break &#8211;<\/em><\/p>\n\n\n\n<p>Presiede Stefano Pivato<\/p>\n\n\n\n<figure class=\"wp-block-table is-style-regular\"><table><tbody><tr><td>11:00 \u2013 11:30<\/td><td>Valeria Pompeiano (Universit\u00e0 degli Studi Roma Tre) <em>La poetica dell\u2019oblio nell\u2019opera di Jean Cayrol<\/em><\/td><\/tr><tr><td>11:30 \u2013 12:00<\/td><td>Andrea Benedetti (Universit\u00e0 degli Studi di Urbino Carlo Bo) <em>(Ri)scritture del s\u00e9, Shoah e amnesia nella \u201cprosa monologica\u201d di <\/em>Tynset<em> (1965) di Wolfgang Hildesheimer<\/em><\/td><\/tr><tr><td>12:00 \u2013 12:30<\/td><td>Carla Francellini (Universit\u00e0 degli Studi di Siena) The Lost Mariner<em> di Oliver Sacks e <\/em>The English Patient<em> di Michael Ondaatje tra amnesia e narrazione<\/em><\/td><\/tr><\/tbody><\/table><\/figure>\n\n\n\n<p><strong>Pomeriggio<\/strong><\/p>\n\n\n\n<p>Aula Magna, Palazzo Battiferri, via Aurelio Saffi, 42<\/p>\n\n\n\n<p class=\"has-text-align-center\"><strong>Dal linguaggio dell\u2019oblio all\u2019oblio del linguaggio<\/strong><\/p>\n\n\n\n<p>Presiede Flora Sisti<\/p>\n\n\n\n<figure class=\"wp-block-table\"><table><tbody><tr><td>15:00 \u2013 15:30<\/td><td>Gloria Gagliardi (Universit\u00e0 degli Studi di Bologna) <em>Erosione del linguaggio e delle funzioni mnesiche nelle patologie dementigene<\/em><\/td><\/tr><tr><td>15:30 \u2013 16:00<\/td><td>Georgios Katsantonis (Universit\u00e0 degli Studi di Napoli Federico II) <em>Amnesia e deficit di comunicazione in <\/em>Calder\u00f3n<em> di Pasolini<\/em><\/td><\/tr><tr><td>16:00 \u2013 16:30<\/td><td>Cecilia Monina (Universit\u00e9 Paris IV, Sorbonne) <em>L\u2019afasia in <\/em>Comiche<em> di Gianni Celati: tra catarsi e modello comico<\/em><\/td><\/tr><\/tbody><\/table><\/figure>\n\n\n\n<p class=\"has-text-align-center\"><em>&#8211; Coffee break &#8211;<\/em><\/p>\n\n\n\n<p>Presiede Gloria Cocchi<\/p>\n\n\n\n<figure class=\"wp-block-table\"><table><tbody><tr><td>17:00 \u2013 17:30<\/td><td>Giuseppe Sofo (Universit\u00e0 Ca\u2019 Foscari Venezia) <em>Una memoria della perdita. Linguaggio e narrazione nella letteratura post-traumatica francofona<\/em><\/td><\/tr><tr><td>17:30 \u2013 18:00<\/td><td>Federica Zullo (Universit\u00e0 degli Studi di Urbino Carlo Bo) <em>Linguaggio, Amnesia e Mutismo nelle storie della Stolen Generation. L\u2019esempio di <\/em>Sorry<em> di Gail Jones<\/em><\/td><\/tr><tr><td>18:00 \u2013 18:30<\/td><td>Vincenzo Lambertini (Universit\u00e0 degli Studi di Bologna) <em>Amnesia e interpretazione simultanea tra l\u2019italiano e il francese: da \u201cpatologia\u201d a risorsa?<\/em><\/td><\/tr><\/tbody><\/table><\/figure>\n\n\n\n<p><strong>Sera<\/strong><\/p>\n\n\n\n<p>Cinema Nuova Luce, via Federico Veterani, 17<\/p>\n\n\n\n<p>Coordina Salvatore Ritrovato<\/p>\n\n\n\n<figure class=\"wp-block-table\"><table><tbody><tr><td>20:00 &nbsp;<\/td><td>Presentazione dei volumi <em>Non ricordo<\/em> (a c. di A. Calanchi e R. M. Danese) e<em> Alzheimer\u2019s Disease in Contemporary U.S. Fiction<\/em> (C. Garrigos Gonzalez)<br><br>Intervista a Francesco Arlanch, co-creatore delle serie tv <em>Doc<\/em> \u2013 <em>Nelle tue mani<\/em> (RAI, 2017) e <em>La strada di casa<\/em> (RAI, 2020), a cura di Giuseppe Ghini e Maria Alessandra Pesci<br><br>Presentazione del cortometraggio <em>Sottosuolo<\/em> (regia di Andrea Laquidara, 2021, 15\u2032)<\/td><\/tr><\/tbody><\/table><\/figure>\n\n\n\n<pre class=\"wp-block-preformatted has-white-background-color has-background has-normal-font-size\"><strong>Venerd\u00ec 24 settembre 2021<\/strong><\/pre>\n\n\n\n<p><strong>Mattino<\/strong><\/p>\n\n\n\n<p>Aula Magna, Palazzo Battiferri, via Aurelio Saffi, 42<\/p>\n\n\n\n<p class=\"has-text-align-center\"><strong>Immagini del trauma<\/strong><\/p>\n\n\n\n<p>Introduce Alessandra Calanchi<\/p>\n\n\n\n<figure class=\"wp-block-table\"><table><tbody><tr><td>9:00 \u2013 9:45<\/td><td>Lezione magistrale: Cristina Garrigos Gonzalez (Universidad Nacional de Educaci\u00f3n a Distancia) <em>Forgetting in the<\/em> Blade Runner<em> Movies: From Individual to Planetary Memory Loss<\/em><\/td><\/tr><\/tbody><\/table><\/figure>\n\n\n\n<p class=\"has-text-align-center\"><em>&#8211; Coffee break &#8211;<\/em><\/p>\n\n\n\n<p>Presiede Roberto Mario Danese<\/p>\n\n\n\n<figure class=\"wp-block-table\"><table><tbody><tr><td>10:00 \u2013 10:30<\/td><td>Giulio Segato (Universit\u00e0 Cattolica di Brescia) <em>Amnesie di guerra. Sul finale rimosso di <\/em>The Blue Dahlia<em> di Raymond Chandler<\/em><\/td><\/tr><tr><td>10:30 \u2013 11:00<\/td><td>Marta Colleoni (Universit\u00e0 degli Studi di Bergamo) <em>Odissee amnesiche della Prima Guerra Mondiale<\/em><\/td><\/tr><tr><td>11:00 \u2013 11:30<\/td><td>Tiziana Migliore (Universit\u00e0 degli Studi di Urbino Carlo Bo) <em>Memoria e oblio nel sistema dell\u2019arte<\/em><\/td><\/tr><\/tbody><\/table><\/figure>\n\n\n\n<p class=\"has-text-align-center\"><em>&#8211; Coffee break &#8211;<\/em><\/p>\n\n\n\n<p>Presiede Massimiliano Morini<\/p>\n\n\n\n<figure class=\"wp-block-table\"><table><tbody><tr><td>11:45 \u2013 12:15<\/td><td>Hanna Serkowska (Universit\u00e0 di Varsavia) <em>Faking dementia? <\/em><em>Da <\/em>The Father<em> (2020, reg. Florian Zeller) e <\/em>Happy End<em> (2017, reg. Michael Haneke) a ritroso: la demenza nel cinema mondiale<\/em><\/td><\/tr><tr><td>12:15 \u2013 12:45<\/td><td>Arianna Agudo (Universit\u00e0 degli Studi di Bergamo) <em>Holes. Mike Kelley e l\u2019iconografia del trauma a partire dalla \u201cRepressed Memory Syndrome\u201d<\/em><\/td><\/tr><tr><td>12:45 \u2013 13:15<\/td><td>Dominic Holdaway, Mario Panico (Universit\u00e0 degli Studi di Urbino Carlo Bo), <em>Furnishing Amnesia: Grief and Past Imaginaries in <\/em>WandaVision<\/td><\/tr><\/tbody><\/table><\/figure>\n\n\n\n<p><strong>Pomeriggio<\/strong><\/p>\n\n\n\n<p>Aula Magna, Palazzo Battiferri, via Aurelio Saffi, 42<\/p>\n\n\n\n<p class=\"has-text-align-center\"><strong>Amnesie in punta di penna<\/strong><\/p>\n\n\n\n<p>Introduce Alessandra Calanchi<\/p>\n\n\n\n<figure class=\"wp-block-table\"><table><tbody><tr><td>15:00 \u2013 16:00<\/td><td>Lezione magistrale: Martina Zimmermann (King\u2019s College London) <em>Interdependent narratives: Dementia in Science, Medicine and Literature of the long twentieth century<\/em><\/td><\/tr><\/tbody><\/table><\/figure>\n\n\n\n<p class=\"has-text-align-center\"><em>&#8211; Coffee break &#8211;<\/em><\/p>\n\n\n\n<p>Presiede Riccardo Donati<\/p>\n\n\n\n<figure class=\"wp-block-table\"><table><tbody><tr><td>16:15 \u2013 16:45<\/td><td>Giuseppe Carrara (Universit\u00e0 degli Studi di Genova) <em>Vuoti d\u2019immagine: rimozioni e false memorie<\/em><\/td><\/tr><tr><td>16:45 \u2013 17:15<\/td><td>Roberta Coglitore (Universit\u00e0 degli Studi di Palermo) <em>Un caso di amnesia personale e culturale: <\/em>Memories of the Future <em>di Siri Hustvedt<\/em><\/td><\/tr><tr><td>17:15 \u2013 17:45<\/td><td>Cristina Matteucci (Universit\u00e0 degli Studi di Urbino Carlo Bo) <em>Amnesie e demolizioni in Tonino Guerra: dal romanzo <\/em>I cento uccelli<em> alla sceneggiatura di <\/em>Festa bianca<\/td><\/tr><\/tbody><\/table><\/figure>\n\n\n\n<p class=\"has-text-align-center\"><em>&#8211; Coffee break &#8211;<\/em><\/p>\n\n\n\n<p>Presiede Claus Ehrhardt<\/p>\n\n\n\n<figure class=\"wp-block-table\"><table><tbody><tr><td>18:00 \u2013 18:30<\/td><td>Maria Micaela Coppola (Universit\u00e0 degli Studi di Trento) <em>La persistenza dell\u2019amnesia: ricostruzione della memoria e rimozione selettiva nella cultura anglofona e italiana della demenza<\/em><\/td><\/tr><tr><td>18:30 \u2013 19:00<\/td><td>Stephan Wolting (Universit\u00e0 Adam Mickiewicz di Pozna\u0144) <em>Vom Schleier des Vergessens. Zum Zusammenhang von versuchtem Schuldvergessen und Demenz in ausgew\u00e4hlten Beispielen deutschsprachiger Gegenwartsliteratur<\/em><\/td><\/tr><tr><td>19:00 \u2013 19:30<\/td><td>Glauco Maria Genga e Maria Gabriella Pediconi (Universit\u00e0 degli Studi di Urbino Carlo Bo) <em>Freud ad Atene. Quel che si cela dietro il disturbo della memoria sull\u2019Acropoli<\/em><\/td><\/tr><\/tbody><\/table><\/figure>\n\n\n\n<p><strong>Sera<\/strong><\/p>\n\n\n\n<p>Teatro Raffaello Sanzio, corso Giuseppe Garibaldi, 82<\/p>\n\n\n\n<figure class=\"wp-block-table\"><table><tbody><tr><td>21:15<\/td><td>Spettacolo teatrale a cura del Centro Teatrale Universitario Cesare Questa:&nbsp;<em>Il gallo del mal di testa<\/em><\/td><\/tr><\/tbody><\/table><\/figure>\n\n\n\n<p><\/p>\n\n\n\n<pre class=\"wp-block-preformatted has-white-background-color has-background has-normal-font-size\"><strong>Sabato 25 settembre 2021<\/strong><\/pre>\n\n\n\n<p><strong>Mattino<\/strong><\/p>\n\n\n\n<p>Aula Magna, Palazzo Battiferri, via Aurelio Saffi, 42<\/p>\n\n\n\n<p class=\"has-text-align-center\"><strong>La memoria ferita<\/strong><\/p>\n\n\n\n<p>Presiede Margareth Amatulli<\/p>\n\n\n\n<figure class=\"wp-block-table\"><table><tbody><tr><td>9:00 \u2013 10:00<\/td><td>Lezione magistrale: Alexandre Gefen (CNRS-Universit\u00e9 Paris 3-Sorbonne nouvelle-ENS) <em>Pathologies m\u00e9morielles et th\u00e9rapie narrative dans la litt\u00e9rature fran\u00e7aise contemporaine<\/em><\/td><\/tr><\/tbody><\/table><\/figure>\n\n\n\n<p class=\"has-text-align-center\"><em>&#8211; Coffee break &#8211;<\/em><\/p>\n\n\n\n<figure class=\"wp-block-table\"><table><tbody><tr><td>10:15 \u2013 10:45<\/td><td>La\u00ebtitia Deleuze (New York University, Aix-Marseille Universit\u00e9) <em>De ce c\u00f4t\u00e9-l\u00e0 de la vie. Blessures m\u00e9morielles et modalit\u00e9s scripturales chez Annie Ernaux et Claire Fercak<\/em><\/td><\/tr><tr><td>10:45 \u2013 11:15<\/td><td>Elisa Bricco (Universit\u00e0 degli Studi di Genova), Valeria Sperti (Universit\u00e0 degli Studi di Napoli Federico II) e Alessandra Ferraro (Universit\u00e0 degli Studi di Udine) <em>Letteratura autobiografica e critica dell\u2019oblio al femminile<\/em><\/td><\/tr><tr><td>11:15 \u2013 11:45<\/td><td>Luizetta Falyushina (Universit\u00e0 degli Studi di Perugia) <em>\u201cE la vita si trasforma in un\u2019attesa\u201d: la perdita della memoria e il suo successivo riacquisto nel romanzo di <\/em>V. Kaverin<em> Nauka rasstavanija<\/em><\/td><\/tr><\/tbody><\/table><\/figure>\n\n\n\n<p><em>&#8211; Coffee break &#8211;<\/em><\/p>\n\n\n\n<figure class=\"wp-block-table\"><table><tbody><tr><td>12:00 \u2013 13:30<\/td><td>Olivia Rosenthal e Nancy Murzilli (Universit\u00e9 Paris 8 Vincennes &#8211; Saint-Denis) Dialogo e <em>lecture-performance<\/em> su: <em>On n&#8217;est pas l\u00e0 pour dispara\u00eetre&nbsp;<\/em>di Olivia Rosenthal (Verticales, 2007)<\/td><\/tr><\/tbody><\/table><\/figure>\n","protected":false},"excerpt":{"rendered":"<p>Convegno Internazionale: 1920-2020: un secolo di parole e immagini per raccontare l&#8217;amnesia 23-25 settembre 2021Universit\u00e0 degli Studi di Urbino Carlo Bo Locandina: download Programma: download Abstract: download Gioved\u00ec 23 settembre 2021 Mattino Aula Magna, ISIA, via Santa Chiara, 36 9:00 <span class=\"readmore\"><a href=\"https:\/\/amnesiedautore.uniurb.it\/?page_id=349\">Continue Reading<\/a><\/span><\/p>\n","protected":false},"author":1,"featured_media":0,"parent":0,"menu_order":0,"comment_status":"closed","ping_status":"closed","template":"","meta":{"footnotes":""},"_links":{"self":[{"href":"https:\/\/amnesiedautore.uniurb.it\/index.php?rest_route=\/wp\/v2\/pages\/349"}],"collection":[{"href":"https:\/\/amnesiedautore.uniurb.it\/index.php?rest_route=\/wp\/v2\/pages"}],"about":[{"href":"https:\/\/amnesiedautore.uniurb.it\/index.php?rest_route=\/wp\/v2\/types\/page"}],"author":[{"embeddable":true,"href":"https:\/\/amnesiedautore.uniurb.it\/index.php?rest_route=\/wp\/v2\/users\/1"}],"replies":[{"embeddable":true,"href":"https:\/\/amnesiedautore.uniurb.it\/index.php?rest_route=%2Fwp%2Fv2%2Fcomments&post=349"}],"version-history":[{"count":148,"href":"https:\/\/amnesiedautore.uniurb.it\/index.php?rest_route=\/wp\/v2\/pages\/349\/revisions"}],"predecessor-version":[{"id":710,"href":"https:\/\/amnesiedautore.uniurb.it\/index.php?rest_route=\/wp\/v2\/pages\/349\/revisions\/710"}],"wp:attachment":[{"href":"https:\/\/amnesiedautore.uniurb.it\/index.php?rest_route=%2Fwp%2Fv2%2Fmedia&parent=349"}],"curies":[{"name":"wp","href":"https:\/\/api.w.org\/{rel}","templated":true}]}}